{"id":1248,"date":"2022-05-20T09:07:43","date_gmt":"2022-05-20T07:07:43","guid":{"rendered":"https:\/\/offbook.it\/oxama\/?page_id=1248"},"modified":"2022-05-23T09:22:22","modified_gmt":"2022-05-23T07:22:22","slug":"termini-e-condizioni","status":"publish","type":"page","link":"https:\/\/offbook.it\/oxama\/termini-e-condizioni\/","title":{"rendered":"Termini e condizioni"},"content":{"rendered":"\r\n<p><strong><u>CONDIZIONI GENERALI DI VENDITA<\/u><\/strong><\/p>\r\n<p><strong>1. Oggetto<\/strong><\/p>\r\n<p>Le presenti Condizioni Generali di Vendita (di seguito, condizioni di vendita) hanno per oggetto la disciplina dell\u2019acquisto del prodotto OXAMA (di seguito, il prodotto) effettuato fuori dai locali commerciali e a distanza, tramite rete telematica, dal sito <a href=\"https:\/\/offbook.it\/oxama\/\">https:\/\/offbook.it\/oxama\/<\/a> (nel seguito, il Sito).<\/p>\r\n<p>Venditore e titolare del Sito \u00e8 la societ\u00e0 Oxama S.r.l., con sede in Milano, Piazza Giulio Cesare n. 9, iscritta nel Registro delle Imprese di Milano al n. REA MI &#8211; 2511842 \u00a0, Partita IVA e Codice Fiscale 10188160963.<\/p>\r\n<p><strong>2. Accettazione delle condizioni di vendita<\/strong><\/p>\r\n<p>L\u2019acquisto del prodotto \u00e8 regolato dalle presenti condizioni di vendita.<\/p>\r\n<p>Con l\u2019acquisto del prodotto, o con il preordine dello stesso, il Cliente accetta le presenti condizioni di vendita che costituiscono un accordo vincolante tra il Cliente e Oxama S.r.l.<\/p>\r\n<p>Il Cliente \u00e8 pertanto invitato a leggere attentamente le presenti condizioni di vendita e, una volta conclusa la procedura di acquisto, a conservarle.<\/p>\r\n<p><strong>3. Prodotto<\/strong><\/p>\r\n<p>Oxama S.r.l. garantisce la conformit\u00e0 del prodotto alle caratteristiche e specifiche tecniche indicate, che il Cliente, con l\u2019acquisto del Prodotto, o il preordine dello stesso, dichiara di conoscere e accettare.<\/p>\r\n<p>Le caratteristiche e le specifiche tecniche del prodotto sono illustrate nel Sito.<\/p>\r\n<p><strong>4. Procedura d\u2019acquisto \u2013 conclusione del contratto<\/strong><\/p>\r\n<p>L\u2019ordine d\u2019acquisto firmato dal Cliente \u2013 in caso di ordine effettuato dal Sito si intende firmato con il \u201cclic\u201d di convalida &#8211; costituisce proposta irrevocabile del Cliente che pu\u00f2 essere rimesso in discussione solo nei casi previsti dal presente contratto all\u2019articolo \u201cdiritto di recesso\u201d (art. 9).<\/p>\r\n<p>Il pagamento del prezzo \u00e8 dovuto al momento dell\u2019ordine, salvo il caso di preordine (art. 5).<\/p>\r\n<p>Con l\u2019invio dell\u2019ordine d\u2019acquisto, il pagamento del corrispettivo e l\u2019accettazione dell\u2019ordine da parte di Oxama S.r.l. (in caso di acquisto dal Sito, Oxama S.r.l. invier\u00e0 la conferma d\u2019ordine all\u2019indirizzo di posta elettronica comunicato dal Cliente al momento dell\u2019ordine), il contratto si riterr\u00e0 concluso.<\/p>\r\n<p><strong>5. Preordine<\/strong><\/p>\r\n<p>Quando \u00e8 prevista la facolt\u00e0 di preordinare il prodotto, il Cliente, all\u2019atto del preordine di acquisto, \u00e8 tenuto a pagare l\u2019importo indicato a titolo di acconto.<\/p>\r\n<p>Il detto importo costituisce caparra confirmatoria ai sensi dell\u2019art. 1355 del Codice Civile.<\/p>\r\n<p>Il preordine firmato dal Cliente \u2013 in caso di ordine effettuato dal Sito si intende firmato con il \u201cclic\u201d di convalida &#8211; costituisce proposta irrevocabile del Cliente.<\/p>\r\n<p>Il contratto si ritiene concluso con l\u2019invio del preordine d\u2019acquisto, il pagamento dell\u2019acconto e la conferma d\u2019ordine da parte di Oxama S.r.l. che, in caso di acquisto dal Sito, verr\u00e0 inviata all\u2019indirizzo di posta elettronica comunicato dal Cliente al momento dell\u2019ordine.<\/p>\r\n<p>La data di consegna prevista all\u2019atto del preordine \u00e8 indicativa e non vincolante per Oxama S.r.l.<\/p>\r\n<p>Nel momento in cui il prodotto \u00e8 disponibile, Oxama S.r.l. comunica al Cliente, all\u2019indirizzo di posta elettronica comunicato al momento dell\u2019ordine, la disponibilit\u00e0 del prodotto.<\/p>\r\n<p>Entro dieci giorni dalla comunicazione di disponibilit\u00e0 del prodotto, il Cliente deve provvedere al saldo del prezzo. Il pagamento del saldo deve essere eseguito mediante bonifico alle coordinate bancarie indicate da Oxama S.r.l. nella comunicazione di disponibilit\u00e0 del prodotto.<\/p>\r\n<p>In caso di mancato pagamento del saldo entro il termine di dieci giorni dalla comunicazione di disponibilit\u00e0, il contratto si intender\u00e0 risolto per inadempimento del Cliente con diritto di Oxama S.r.l. a trattenere l\u2019importo pagato a titolo di acconto.<\/p>\r\n<p><strong>6. Prezzo<\/strong><\/p>\r\n<p>Il prezzo stabilito all\u2019acquisto \u00e8 fissato e definitivo; comprende le spese di spedizione, espressamente indicate, e l\u2019imposta IVA.<\/p>\r\n<p>Per una consegna al di fuori dell\u2019Unione Europea, il Cliente dovr\u00e0 saldare le imposte doganali, l\u2019IVA o le altre tasse relative all\u2019importazione nel paese dove verr\u00e0 effettuata la consegna. Le formalit\u00e0 relative sono esclusivamente a carico del cliente, salvo indicazione contraria. Il Cliente \u00e8 l\u2019unico responsabile della verifica della possibilit\u00e0 di importazione del prodotto ordinato riguardo al diritto del territorio del paese di consegna.<\/p>\r\n<p><strong>7. Spedizione e consegna<\/strong><\/p>\r\n<p>Oxama S.r.l. proceder\u00e0 alla spedizione del prodotto solo dopo il ricevimento del pagamento del prezzo finale.<\/p>\r\n<p>Il prodotto verr\u00e0 consegnato all\u2019indirizzo indicato dal Cliente in fase d\u2019ordine.<\/p>\r\n<p>La consegna viene considerata come eseguita dal momento in cui il prodotto viene consegnato al trasportatore.<\/p>\r\n<p>Alla consegna il Cliente dovr\u00e0 verificare il contenuto, la conformit\u00e0 e lo stato dei prodotti. In caso di ritardi, avarie, perdite totali o parziali, o di altri problemi, \u00e8 facolt\u00e0 del Cliente agire nei confronti del trasportatore, senza alcuna responsabilit\u00e0 a carico di Oxama S.r.l. Pertanto, alla consegna, Oxama S.r.l. suggerisce al Cliente di procedere alla verifica dello stato dei prodotti consegnati prima di firmare l\u2019avviso di ricezione del pacco.<\/p>\r\n<p>In caso di accettazione senza riserve scritte, Oxama S.r.l. non accetter\u00e0 resi dovuti al trasporto.<\/p>\r\n<p><strong>8. Trasferimento dei rischi<\/strong><\/p>\r\n<p>Il trasferimento dei rischi al Cliente avviene alla consegna del prodotto al trasportatore da parte di Oxama.<\/p>\r\n<p>I prodotti viaggiano a rischio e pericolo del Cliente. Lo stesso accade per l\u2019invio o la resa dei prodotti.<\/p>\r\n<p>Nel periodo di recesso citato al punto 9), il Cliente \u00e8 responsabile del prodotto in qualit\u00e0 di custode.<\/p>\r\n<p><strong>9. Diritto di recesso<\/strong><\/p>\r\n<p>Ai sensi dell\u2019art. 52 e ss. del D.Lgs. 206\/2005 (Codice del Consumo), il Cliente consumatore ha diritto di recedere dal contratto di acquisto entro il termine di quattordici giorni dalla data di consegna del prodotto.<\/p>\r\n<p>Il diritto di recesso dovr\u00e0 essere esercitato mediante invio, entro il predetto termine, di una raccomandata AR all\u2019indirizzo di Oxama S.r.l \u2013 Piazza Giulio Cesare n. 9, 20145 Milano \u2013 ovvero di una posta elettronica certificata all\u2019indirizzo <a href=\"mailto:oxama@legpec.it\" target=\"_blank\" rel=\"noopener\">oxama@legpec.it<\/a><\/p>\r\n<p>Il prodotto dovr\u00e0 essere restituito nel suo imballaggio originale e in uno stato di perfetta pulizia. La sostanziale integrit\u00e0 del bene da restituire \u00e8 condizione essenziale per l\u2019esercizio del diritto di recesso. Verificata l\u2019integrit\u00e0 del prodotto restituito, Oxama S.r.l. provveder\u00e0 a rimborsare il prezzo pagato per il prodotto restituito, entro e non oltre trenta giorni dalla data di ricezione del prodotto.<\/p>\r\n<p>Oxama S.r.l. rimborser\u00e0 al Cliente le somme da quest\u2019ultimo corrisposte come prezzo del prodotto; sono a carico del Cliente le spese necessarie per la restituzione del prodotto.<\/p>\r\n<p><strong>10. Garanzia<\/strong><\/p>\r\n<p>Il Cliente Consumatore beneficia della garanzia legale di 24 mesi prevista dall\u2019art. 132 del D.Lgs. 206\/2005 (Codice del Consumo) per i difetti di conformit\u00e0 non riscontrabili al momento dell\u2019acquisto.<\/p>\r\n<p>Il difetto di conformit\u00e0 sussiste, in particolare, quando il prodotto non \u00e8 conforme alla descrizione o non possiede le qualit\u00e0 promesse dal venditore (art. 129 D.Lgs. 206\/2005).<\/p>\r\n<p>Il difetto di conformit\u00e0 che si manifesti entro 24 mesi dalla data di acquisto del bene deve essere denunciato a pena di decadenza entro i 2 mesi successivi alla data della scoperta del difetto. Salvo prova contraria, si presume che i difetti che si manifestino entro 6 mesi dalla consegna del bene esistessero gi\u00e0 a tale data.<\/p>\r\n<p>In caso di difetto di conformit\u00e0, il Cliente Consumatore ha diritto al ripristino, senza spese, della conformit\u00e0 del bene mediante riparazione o sostituzione. Qualora la riparazione o la sostituzione fosse impossibile o eccessivamente onerosa, il Cliente Consumatore potr\u00e0 richiedere o la risoluzione del contratto o la riduzione del prezzo.<\/p>\r\n<p><strong>11. Legge regolatrice e foro competente<\/strong><\/p>\r\n<p>Il presente contratto \u00e8 regolato dalla legge italiana.<\/p>\r\n<p>Per la risoluzione di eventuali controversie, se il Cliente \u00e8 consumatore la competenza territoriale inderogabile \u00e8 del Giudice del luogo di residenza o dimora del consumatore, se ubicati in Italia; se il Cliente \u00e8 <u>non<\/u> consumatore, si conviene la competenza in via esclusiva del Foro di Milano.<\/p>\r\n<p><strong>12. Comunicazioni<\/strong><\/p>\r\n<p>Oxama S.r.l.<\/p>\r\n<p>Piazza Giulio Cesare 9, 20145 Milano (MI) &#8211; Italia<\/p>\r\n<p>pec: <a href=\"mailto:oxama@legpec.it\" target=\"_blank\" rel=\"noopener\">oxama@legpec.it<\/a><\/p>\r\n<p>****<\/p>\r\n<p>&nbsp;<\/p>\r\n<p>Le presenti condizioni generali di contratto sono pubblicate sul sito <a href=\"https:\/\/offbook.it\/oxama\/\">https:\/\/offbook.it\/oxama\/<\/a><\/p>\r\n<p>Con l\u2019acquisto del prodotto, o con il preordine dello stesso, il Cliente accetta le presenti condizioni di vendita; in particolare il Cliente dichiara di avere letto e di accettare integralmente le condizioni disciplinate dai seguenti patti: 3) Prodotto, 4) Procedura d\u2019acquisto \u2013 conclusione del contratto, 5) Preordine, 7) Spedizione e consegna, 8) Trasferimento del rischio, 11) Legge regolatrice e foro competente.<\/p>\r\n","protected":false},"excerpt":{"rendered":"<p>CONDIZIONI GENERALI DI VENDITA 1. Oggetto Le presenti Condizioni Generali di Vendita (di seguito, condizioni di vendita) hanno per oggetto la disciplina dell\u2019acquisto del prodotto OXAMA (di seguito, il prodotto)&#8230;<\/p>\n","protected":false},"author":1,"featured_media":0,"parent":0,"menu_order":0,"comment_status":"closed","ping_status":"closed","template":"","meta":{"footnotes":""},"class_list":["post-1248","page","type-page","status-publish"],"acf":[],"_links":{"self":[{"href":"https:\/\/offbook.it\/oxama\/wp-json\/wp\/v2\/pages\/1248","targetHints":{"allow":["GET"]}}],"collection":[{"href":"https:\/\/offbook.it\/oxama\/wp-json\/wp\/v2\/pages"}],"about":[{"href":"https:\/\/offbook.it\/oxama\/wp-json\/wp\/v2\/types\/page"}],"author":[{"embeddable":true,"href":"https:\/\/offbook.it\/oxama\/wp-json\/wp\/v2\/users\/1"}],"replies":[{"embeddable":true,"href":"https:\/\/offbook.it\/oxama\/wp-json\/wp\/v2\/comments?post=1248"}],"version-history":[{"count":5,"href":"https:\/\/offbook.it\/oxama\/wp-json\/wp\/v2\/pages\/1248\/revisions"}],"predecessor-version":[{"id":1794,"href":"https:\/\/offbook.it\/oxama\/wp-json\/wp\/v2\/pages\/1248\/revisions\/1794"}],"wp:attachment":[{"href":"https:\/\/offbook.it\/oxama\/wp-json\/wp\/v2\/media?parent=1248"}],"curies":[{"name":"wp","href":"https:\/\/api.w.org\/{rel}","templated":true}]}}