{"id":694,"date":"2023-06-07T09:39:26","date_gmt":"2023-06-07T07:39:26","guid":{"rendered":"https:\/\/offbook.it\/imaginingthefuture\/?page_id=694"},"modified":"2023-06-07T09:41:50","modified_gmt":"2023-06-07T07:41:50","slug":"cookie-policy","status":"publish","type":"page","link":"https:\/\/offbook.it\/imaginingthefuture\/en\/cookie-policy\/","title":{"rendered":"Cookie Policy"},"content":{"rendered":"[vc_row type=&#8221;in_container&#8221; full_screen_row_position=&#8221;middle&#8221; column_margin=&#8221;default&#8221; column_direction=&#8221;default&#8221; column_direction_tablet=&#8221;default&#8221; column_direction_phone=&#8221;default&#8221; scene_position=&#8221;center&#8221; text_color=&#8221;custom&#8221; custom_text_color=&#8221;#000000&#8243; text_align=&#8221;left&#8221; row_border_radius=&#8221;none&#8221; row_border_radius_applies=&#8221;bg&#8221; overflow=&#8221;visible&#8221; overlay_strength=&#8221;0.3&#8243; gradient_direction=&#8221;left_to_right&#8221; shape_divider_position=&#8221;bottom&#8221; bg_image_animation=&#8221;none&#8221; gradient_type=&#8221;default&#8221; shape_type=&#8221;&#8221;][vc_column column_padding=&#8221;no-extra-padding&#8221; column_padding_tablet=&#8221;inherit&#8221; column_padding_phone=&#8221;inherit&#8221; column_padding_position=&#8221;all&#8221; column_element_direction_desktop=&#8221;default&#8221; column_element_spacing=&#8221;default&#8221; desktop_text_alignment=&#8221;default&#8221; tablet_text_alignment=&#8221;default&#8221; phone_text_alignment=&#8221;default&#8221; background_color_opacity=&#8221;1&#8243; background_hover_color_opacity=&#8221;1&#8243; column_backdrop_filter=&#8221;none&#8221; column_shadow=&#8221;none&#8221; column_border_radius=&#8221;none&#8221; column_link_target=&#8221;_self&#8221; column_position=&#8221;default&#8221; gradient_direction=&#8221;left_to_right&#8221; overlay_strength=&#8221;0.3&#8243; width=&#8221;1\/1&#8243; tablet_width_inherit=&#8221;default&#8221; animation_type=&#8221;default&#8221; bg_image_animation=&#8221;none&#8221; border_type=&#8221;simple&#8221; column_border_width=&#8221;none&#8221; column_border_style=&#8221;solid&#8221;][vc_column_text]\n<h2 style=\"text-align: left;\"><strong>COOKIE POLICY<\/strong><\/h2>\n<p>&nbsp;<\/p>\n<p>In questa sezione vengono fornite le informazioni in merito ai <em>cookie<\/em> utilizzati dal sito internet https:\/\/centrocongressi.confindustria.it\/ (di seguito: \u201cSito\u201d)<\/p>\n<h3><\/h3>\n<h3><strong>Titolare del trattamento <\/strong><\/h3>\n<p>Titolare del trattamento \u00e8 Confindustria, con sede legale in Viale dell\u2019Astronomia, 30 \u2013 00144 Roma, e-mail: <a href=\"mailto:privacy@confindustria.it\">privacy@confindustria.it<\/a>.<\/p>\n<p>&nbsp;<\/p>\n<p>Cosa sono i <em>cookie<\/em>?<\/p>\n<p>I <em>cookie<\/em> sono informazioni (piccoli <em>file<\/em> di testo) che i siti <em>web<\/em> trasmettono al dispositivo utilizzato dall&#8217;utente (PC, <em>smartphone<\/em>, <em>tablet<\/em>). Tali informazioni consentono di effettuare la navigazione, di eseguire autenticazioni informatiche, di raccogliere informazioni sul numero di visitatori e sulle modalit\u00e0 di fruizione del sito, nonch\u00e8 di monitorare e profilare gli utenti.<\/p>\n<p>Sono <em>cookie<\/em> di prima parte quelli trasmessi direttamente dal sito <em>web<\/em> visitato (c.d. <em>Publisher<\/em>).<\/p>\n<p>Sono <em>cookie<\/em> di terze parti quelli trasmessi da siti o <em>web server<\/em> diversi dal sito <em>web<\/em> visitato.<\/p>\n<p>Sono <em>cookie<\/em> di sessione quelle che vengono cancellati alla chiusura del <em>browser.<\/em><\/p>\n<p>Sono <em>cookie<\/em> persistenti quelli che non vengono cancellati automaticamente alla chiusura del <em>browser<\/em> e vengono salvati sul dispositivo dell\u2019utente.<\/p>\n<h3><\/h3>\n<h3><strong>Tipologia di cookie utilizzati dal Sito<\/strong><\/h3>\n<p>Il Sito utilizza i seguenti <em>cookie<\/em>:<\/p>\n<p>&nbsp;<\/p>\n<p><strong><em>Cookie<\/em><\/strong><strong> tecnici:<\/strong><\/p>\n<ul>\n<li><strong>strettamente necessari<\/strong>. Tali <em>cookie<\/em> sono necessari al corretto funzionamento e alla sicurezza del Sito e non possono essere disattivati nei nostri sistemi. L\u2019installazione e l\u2019uso di questi <em>cookie<\/em> non richiedono il consenso dell\u2019utente. \u00c8 possibile impostare il <em>browser<\/em> usato per la navigazione per bloccare questi <em>cookie<\/em>, ma alcune parti del Sito potrebbero non funzionare. Per maggiori informazioni, visita il nostro Centro preferenze <em>cookie<\/em>, disponibile in ogni pagina del Sito cliccando sull\u2019icona azzurra (V) in basso a sinistra.<\/li>\n<li><strong>di funzionalit\u00e0<\/strong>. Tali <em>cookie<\/em> consentono al Sito di fornire funzionalit\u00e0. L\u2019installazione e l\u2019uso di questi <em>cookie<\/em> non richiedono il consenso dell\u2019utente. \u00c8 possibile impostare il <em>browser<\/em> usato per la navigazione per bloccare questi <em>cookie<\/em>, ma alcuni servizi potrebbero non funzionare correttamente. Per maggiori informazioni, visita il nostro Centro preferenze <em>cookie<\/em>, disponibile in ogni pagina del Sito cliccando sull\u2019icona azzurra (V) in basso a sinistra.<\/li>\n<\/ul>\n<p>&nbsp;<\/p>\n<p><strong><em>Cookie<\/em><\/strong><strong> di prestazione<\/strong>. Tali <em>cookie<\/em> consentono di raccogliere informazioni sull\u2019utilizzo del Sito da parte degli utenti per elaborare analisi statistiche sul numero degli utenti e su come questi navigano sul Sito. L\u2019installazione e l\u2019uso di questi <em>cookie<\/em> richiedono il consenso dell\u2019utente. In particolare, il Sito utilizza Matomo Analytics, un <em>software open source<\/em> che impiega dei <em>cookie<\/em> per monitorare il comportamento degli utenti e misurare le prestazioni del Sito. Per maggiori informazioni sulla policy privacy di Matomo, v. <a href=\"https:\/\/matomo.org\/privacy-policy\/\">https:\/\/matomo.org\/privacy-policy\/<\/a>. Per maggiori informazioni sui cookie di prestazione, visita il nostro Centro preferenze <em>cookie<\/em>, disponibile in ogni pagina del Sito cliccando sull\u2019icona azzurra (V) in basso a sinistra.<\/p>\n<p>&nbsp;<\/p>\n<p><strong><em>Cookie<\/em><\/strong><strong> di profilazione di terze parti o <em>Cookie<\/em> per pubblicit\u00e0 mirata.<\/strong> Tali <em>cookie<\/em> consentono di ricondurre a soggetti determinati, identificati o identificabili, specifiche azioni o schemi comportamentali ricorrenti nell\u2019uso delle funzionalit\u00e0 offerte (<em>pattern<\/em>) al fine di profilarli e inviare loro messaggi pubblicitari in linea con le preferenze manifestate nell\u2019ambito della navigazione. L\u2019installazione e l\u2019uso di questi <em>cookie<\/em> richiedono il consenso dell\u2019utente. In particolare, il Sito utilizza i <em>cookie<\/em> di profilazione di YouTube per tenere traccia delle visualizzazioni e delle preferenze dell&#8217;utente per i video di YouTube incorporati nel Sito. Per maggiori informazioni sui <em>cookie<\/em> di profilazione di terze parti, visita il nostro Centro preferenze <em>cookie<\/em>, disponibile in ogni pagina del Sito cliccando sull\u2019icona azzurra (V) in basso a sinistra.<\/p>\n<p>Il Sito mette a disposizione degli utenti pulsanti per la condivisione di contenuti tramite social network o altri strumenti di comunicazione. Le pagine che contengono tali pulsanti non rilasciano <em>cookie<\/em> n\u00e9 di prima parte, n\u00e9 di terze parti. Tuttavia, cliccando il simbolo dello strumento di condivisione prescelto, l\u2019utente acceder\u00e0 a funzionalit\u00e0 o piattaforme di terze parti \u2013 di cui il Titolare non \u00e8 in alcun modo responsabile \u2013 che potrebbero rilasciare <em>cookie<\/em>.<\/p>\n<h3><\/h3>\n<h3><strong>Gestione dei <em>cookie<\/em><\/strong><\/h3>\n<p><u>Consenso all\u2019utilizzo dei <em>cookie<\/em><\/u><\/p>\n<p>L\u2019utilizzo di <em>cookie<\/em> di prestazione e dei <em>cookie<\/em> profilazione di terze parti richiede il consenso dell\u2019utente.<\/p>\n<p>Al momento dell&#8217;accesso a qualunque pagina del Sito, \u00e8 presente un <em>banner<\/em> che contiene un\u2019informativa sintetica sui <em>cookie<\/em> utilizzati.<\/p>\n<p>Tramite il <em>banner<\/em>, l\u2019utente pu\u00f2:<\/p>\n<ul>\n<li>gestire le impostazioni relative alle singole categorie di <em>cookie <\/em>(di funzionalit\u00e0, di prestazione e di profilazione di terze parti);<\/li>\n<li>rifiutare l&#8217;uso dei <em>cookie<\/em> di funzionalit\u00e0, dei cookie prestazione e dei <em>cookie<\/em> di profilazione di terze parti. In questo caso, il Sito utilizzer\u00e0 solo <em>cookie<\/em> strettamente necessari (tecnici);<\/li>\n<li>esprimere il proprio consenso all&#8217;uso dei <em>cookie<\/em> di funzionalit\u00e0 dei <em>cookie<\/em> di prestazione e dei <em>cookie<\/em> di profilazione di terze parti;<\/li>\n<li>accedere al nostro Centro preferenze <em>cookie<\/em> per selezionare le sue preferenze attivando o disabilitando le singole categorie di <em>cookie<\/em>.<\/li>\n<\/ul>\n<p>Il <em>banner<\/em> \u00e8 visibile solo al primo accesso al Sito; le preferenze espresse dell\u2019utente vengono memorizzate, attraverso un <em>cookie<\/em> tecnico, in modo da consentirgli di accedere direttamente alle pagine del Sito nel corso delle successive visite. Resta fermo il diritto dell\u2019utente di disattivare i <em>cookie<\/em> in ogni momento o di cancellarli. In tal caso, al ritorno, il Sito richieder\u00e0 nuovamente all\u2019utente il consenso.<\/p>\n<p>L\u2019utente pu\u00f2 in ogni caso modificare e gestire le preferenze relative ai <em>cookie<\/em> di prestazione e ai <em>cookie<\/em> di profilazione di terze parti nel nostro Centro preferenze <em>cookie<\/em>, disponibile sull\u2019apposito <em>banner<\/em> e in ogni pagina del Sito cliccando sull\u2019icona azzurra (V) in basso a sinistra.<\/p>\n<p>Inoltre, l\u2019utente pu\u00f2 disattivare i <em>cookie<\/em> di prestazione e i <em>cookie<\/em> di profilazione di terze parti seguendo le indicazioni fornite dai rispettivi gestori nelle proprie <em>policy privacy<\/em>.<\/p>\n<p>La disattivazione dei <em>cookie<\/em> di prestazione e dei <em>cookie<\/em> di profilazione di terze parti non compromette l\u2019utilizzo del Sito.<\/p>\n<p>&nbsp;<\/p>\n<p><u>Gestione tramite il <em>browser<\/em><\/u><\/p>\n<p>L\u2019utente pu\u00f2 gestire le preferenze relative ai <em>cookie<\/em> direttamente all\u2019interno del proprio <em>browser<\/em> di navigazione e impedirne l\u2019installazione. Tramite le preferenze del <em>browser<\/em> \u00e8, inoltre, possibile eliminare i <em>cookie<\/em> installati.<\/p>\n<p>\u00c8 importante sottolineare che la disabilitazione dei <em>cookie<\/em> pu\u00f2 limitare le possibilit\u00e0 di utilizzo del Sito e impedire all\u2019utente di beneficiare in pieno delle funzionalit\u00e0 del Sito.<\/p>\n<p>Di seguito, le istruzioni dei principali <em>browser<\/em> per la gestione dei <em>cookie<\/em>:<\/p>\n<p>Google Chrome: https:\/\/support.google.com\/chrome\/answer\/95647?hl=it;<\/p>\n<p>Internet Explorer:\u00a0 http:\/\/windows.microsoft.com\/it-it\/windows7\/block-enable-or-allow-cookies;<\/p>\n<p>Mozilla Firefox:\u00a0 http:\/\/support.mozilla.org\/it\/kb\/Attivare%20e%20disattivare%20i%20cookie;<\/p>\n<p>Apple Safari: http:\/\/support.apple.com\/kb\/PH5049;<\/p>\n<p>Opera: http:\/\/help.opera.com\/Windows\/10.00\/it\/cookies.html.<\/p>\n<p>Per i dispositivi mobili, occorre fare riferimento ai relativi manuali di istruzioni per scoprire come gestire i <em>cookie<\/em>.<\/p>\n<p>&nbsp;<\/p>\n<h3><strong>Modalit\u00e0 e ambito del trattamento<\/strong><\/h3>\n<p>I dati personali raccolti tramite il Sito sono trattati in conformit\u00e0 al Regolamento Ue n. 679\/2016, al D.Lgs n. 196\/2003 e al D.Lgs n. 101\/2018, nonch\u00e9 al Provvedimento del Garante privacy 10 giugno 2021, n. 231.<\/p>\n<p>I dati personali sono trattati dal personale del Titolare, che agisce sulla base di specifiche istruzioni fornite in ordine alle finalit\u00e0 e alle modalit\u00e0 del trattamento.<\/p>\n<p>I dati personali potranno essere comunicati a:\u00a0<em>i)<\/em>\u00a0strutture esterne, che svolgono per conto del Titolare compiti di supporto (es. servizi informatici), nella loro qualit\u00e0 di responsabili del trattamento;\u00a0<em>ii)<\/em>\u00a0soggetti pubblici per l\u2019adempimento degli obblighi previsti dalla legge, che svolgono le rispettive attivit\u00e0 di trattamento in qualit\u00e0 di autonomi titolari.<\/p>\n<p>I dati raccolti utilizzando i <em>cookie<\/em> non saranno diffusi.<\/p>\n<p>&nbsp;<\/p>\n<p><strong>Trasferimento dei dati fuori dell\u2019Unione Europea<\/strong><\/p>\n<p>I dati raccolti utilizzando i <em>cookie<\/em> di YouTube potranno essere trasferiti da tali terze parti fuori dall\u2019Unione Europea.<\/p>\n<p>Per maggiori informazioni, si prega di consultare le relative <em>policy privacy<\/em>.<\/p>\n<p>&nbsp;<\/p>\n<p><strong>Diritti degli interessati<\/strong><\/p>\n<p>In qualsiasi momento, gli interessati hanno il diritto di accedere ai propri dati personali, di chiederne la rettifica, l\u2019aggiornamento e la relativa cancellazione. \u00c8, altres\u00ec, possibile richiedere la limitazione del trattamento e la portabilit\u00e0 del dato. Queste richieste potranno essere rivolte a Confindustria, Viale dell\u2019Astronomia, 30 &#8211; 00144, Roma; e-mail: <a href=\"mailto:privacy@confindustria.it\">privacy@confindustria.it<\/a>.<\/p>\n<p style=\"text-align: left;\">Inoltre, nel caso in cui si ritenga che il trattamento sia stato svolto in violazione della normativa sulla protezione dei dati personali, \u00e8 riconosciuto il diritto di presentare reclamo all\u2019Autorit\u00e0 Garante per la protezione dei dati personali, Piazza Venezia, 11 &#8211; 00187\u00a0\u2013 Roma.<\/p>\n[\/vc_column_text][\/vc_column][\/vc_row][vc_row type=&#8221;in_container&#8221; full_screen_row_position=&#8221;middle&#8221; column_margin=&#8221;default&#8221; column_direction=&#8221;default&#8221; column_direction_tablet=&#8221;default&#8221; column_direction_phone=&#8221;default&#8221; scene_position=&#8221;center&#8221; text_color=&#8221;dark&#8221; text_align=&#8221;left&#8221; row_border_radius=&#8221;none&#8221; row_border_radius_applies=&#8221;bg&#8221; overflow=&#8221;visible&#8221; overlay_strength=&#8221;0.3&#8243; gradient_direction=&#8221;left_to_right&#8221; shape_divider_position=&#8221;bottom&#8221; bg_image_animation=&#8221;none&#8221;][vc_column column_padding=&#8221;no-extra-padding&#8221; column_padding_tablet=&#8221;inherit&#8221; column_padding_phone=&#8221;inherit&#8221; column_padding_position=&#8221;all&#8221; column_element_direction_desktop=&#8221;default&#8221; column_element_spacing=&#8221;default&#8221; desktop_text_alignment=&#8221;default&#8221; tablet_text_alignment=&#8221;default&#8221; phone_text_alignment=&#8221;default&#8221; background_color_opacity=&#8221;1&#8243; background_hover_color_opacity=&#8221;1&#8243; column_backdrop_filter=&#8221;none&#8221; column_shadow=&#8221;none&#8221; column_border_radius=&#8221;none&#8221; column_link_target=&#8221;_self&#8221; column_position=&#8221;default&#8221; gradient_direction=&#8221;left_to_right&#8221; overlay_strength=&#8221;0.3&#8243; width=&#8221;1\/1&#8243; tablet_width_inherit=&#8221;default&#8221; animation_type=&#8221;default&#8221; bg_image_animation=&#8221;none&#8221; border_type=&#8221;simple&#8221; column_border_width=&#8221;none&#8221; column_border_style=&#8221;solid&#8221;][nectar_btn size=&#8221;small&#8221; button_style=&#8221;regular&#8221; button_color_2=&#8221;Extra-Color-3&#8243; solid_text_color_override=&#8221;#ffffff&#8221; icon_family=&#8221;fontawesome&#8221; button_id=&#8221;rounded&#8221; text=&#8221;Torna al sito&#8221; icon_fontawesome=&#8221;fa fa-reply&#8221; url=&#8221;https:\/\/offbook.it\/imaginingthefuture\/en\/&#8221;][\/vc_column][\/vc_row]\n","protected":false},"excerpt":{"rendered":"<p>[vc_row type=&#8221;in_container&#8221; full_screen_row_position=&#8221;middle&#8221; column_margin=&#8221;default&#8221; column_direction=&#8221;default&#8221; column_direction_tablet=&#8221;default&#8221; column_direction_phone=&#8221;default&#8221; scene_position=&#8221;center&#8221; text_color=&#8221;custom&#8221; custom_text_color=&#8221;#000000&#8243; text_align=&#8221;left&#8221; row_border_radius=&#8221;none&#8221; row_border_radius_applies=&#8221;bg&#8221; overflow=&#8221;visible&#8221; overlay_strength=&#8221;0.3&#8243; gradient_direction=&#8221;left_to_right&#8221; shape_divider_position=&#8221;bottom&#8221; bg_image_animation=&#8221;none&#8221; gradient_type=&#8221;default&#8221; shape_type=&#8221;&#8221;][vc_column column_padding=&#8221;no-extra-padding&#8221; column_padding_tablet=&#8221;inherit&#8221; column_padding_phone=&#8221;inherit&#8221; column_padding_position=&#8221;all&#8221; column_element_direction_desktop=&#8221;default&#8221; column_element_spacing=&#8221;default&#8221; desktop_text_alignment=&#8221;default&#8221; tablet_text_alignment=&#8221;default&#8221; phone_text_alignment=&#8221;default&#8221; background_color_opacity=&#8221;1&#8243;&#8230;<\/p>\n","protected":false},"author":1,"featured_media":0,"parent":0,"menu_order":1,"comment_status":"closed","ping_status":"closed","template":"template-no-footer.php","meta":{"footnotes":""},"class_list":["post-694","page","type-page","status-publish"],"acf":[],"yoast_head":"<!-- This site is optimized with the Yoast SEO plugin v21.2 - https:\/\/yoast.com\/wordpress\/plugins\/seo\/ -->\n<title>Cookie Policy &#8226; Imagining the future<\/title>\n<meta name=\"robots\" content=\"noindex, follow\" \/>\n<meta property=\"og:locale\" content=\"en_US\" \/>\n<meta property=\"og:type\" content=\"article\" \/>\n<meta property=\"og:title\" content=\"Cookie Policy &#8226; Imagining the future\" \/>\n<meta property=\"og:description\" content=\"[vc_row type=&#8221;in_container&#8221; full_screen_row_position=&#8221;middle&#8221; column_margin=&#8221;default&#8221; column_direction=&#8221;default&#8221; column_direction_tablet=&#8221;default&#8221; column_direction_phone=&#8221;default&#8221; scene_position=&#8221;center&#8221; text_color=&#8221;custom&#8221; custom_text_color=&#8221;#000000&#8243; text_align=&#8221;left&#8221; row_border_radius=&#8221;none&#8221; row_border_radius_applies=&#8221;bg&#8221; overflow=&#8221;visible&#8221; overlay_strength=&#8221;0.3&#8243; gradient_direction=&#8221;left_to_right&#8221; shape_divider_position=&#8221;bottom&#8221; bg_image_animation=&#8221;none&#8221; gradient_type=&#8221;default&#8221; shape_type=&#8221;&#8221;][vc_column column_padding=&#8221;no-extra-padding&#8221; column_padding_tablet=&#8221;inherit&#8221; column_padding_phone=&#8221;inherit&#8221; column_padding_position=&#8221;all&#8221; column_element_direction_desktop=&#8221;default&#8221; column_element_spacing=&#8221;default&#8221; desktop_text_alignment=&#8221;default&#8221; tablet_text_alignment=&#8221;default&#8221; phone_text_alignment=&#8221;default&#8221; background_color_opacity=&#8221;1&#8243;...\" \/>\n<meta property=\"og:url\" content=\"https:\/\/offbook.it\/imaginingthefuture\/en\/cookie-policy\/\" \/>\n<meta property=\"og:site_name\" content=\"Imagining the future\" \/>\n<meta property=\"article:modified_time\" content=\"2023-06-07T07:41:50+00:00\" \/>\n<meta property=\"og:image\" content=\"https:\/\/offbook.it\/imaginingthefuture\/wp-content\/uploads\/2023\/06\/imagining-the-future.jpg\" \/>\n\t<meta property=\"og:image:width\" content=\"1400\" \/>\n\t<meta property=\"og:image:height\" content=\"702\" \/>\n\t<meta property=\"og:image:type\" content=\"image\/jpeg\" \/>\n<meta name=\"twitter:card\" content=\"summary_large_image\" \/>\n<meta name=\"twitter:label1\" content=\"Est. reading time\" \/>\n\t<meta name=\"twitter:data1\" content=\"8 minutes\" \/>\n<script type=\"application\/ld+json\" class=\"yoast-schema-graph\">{\"@context\":\"https:\/\/schema.org\",\"@graph\":[{\"@type\":\"WebPage\",\"@id\":\"https:\/\/offbook.it\/imaginingthefuture\/en\/cookie-policy\/\",\"url\":\"https:\/\/offbook.it\/imaginingthefuture\/en\/cookie-policy\/\",\"name\":\"Cookie Policy &#8226; Imagining the future\",\"isPartOf\":{\"@id\":\"https:\/\/offbook.it\/imaginingthefuture\/en\/#website\"},\"datePublished\":\"2023-06-07T07:39:26+00:00\",\"dateModified\":\"2023-06-07T07:41:50+00:00\",\"breadcrumb\":{\"@id\":\"https:\/\/offbook.it\/imaginingthefuture\/en\/cookie-policy\/#breadcrumb\"},\"inLanguage\":\"en-US\",\"potentialAction\":[{\"@type\":\"ReadAction\",\"target\":[\"https:\/\/offbook.it\/imaginingthefuture\/en\/cookie-policy\/\"]}]},{\"@type\":\"BreadcrumbList\",\"@id\":\"https:\/\/offbook.it\/imaginingthefuture\/en\/cookie-policy\/#breadcrumb\",\"itemListElement\":[{\"@type\":\"ListItem\",\"position\":1,\"name\":\"Home\",\"item\":\"https:\/\/offbook.it\/imaginingthefuture\/en\/\"},{\"@type\":\"ListItem\",\"position\":2,\"name\":\"Cookie Policy\"}]},{\"@type\":\"WebSite\",\"@id\":\"https:\/\/offbook.it\/imaginingthefuture\/en\/#website\",\"url\":\"https:\/\/offbook.it\/imaginingthefuture\/en\/\",\"name\":\"Imagining the future\",\"description\":\"Leonardo da Vinci: in the mind of an Italian genius\",\"publisher\":{\"@id\":\"https:\/\/offbook.it\/imaginingthefuture\/en\/#organization\"},\"potentialAction\":[{\"@type\":\"SearchAction\",\"target\":{\"@type\":\"EntryPoint\",\"urlTemplate\":\"https:\/\/offbook.it\/imaginingthefuture\/en\/?s={search_term_string}\"},\"query-input\":\"required name=search_term_string\"}],\"inLanguage\":\"en-US\"},{\"@type\":\"Organization\",\"@id\":\"https:\/\/offbook.it\/imaginingthefuture\/en\/#organization\",\"name\":\"Imagining the future\",\"url\":\"https:\/\/offbook.it\/imaginingthefuture\/en\/\",\"logo\":{\"@type\":\"ImageObject\",\"inLanguage\":\"en-US\",\"@id\":\"https:\/\/offbook.it\/imaginingthefuture\/en\/#\/schema\/logo\/image\/\",\"url\":\"https:\/\/offbook.it\/imaginingthefuture\/wp-content\/uploads\/2023\/06\/cropped-fav.jpg\",\"contentUrl\":\"https:\/\/offbook.it\/imaginingthefuture\/wp-content\/uploads\/2023\/06\/cropped-fav.jpg\",\"width\":512,\"height\":512,\"caption\":\"Imagining the future\"},\"image\":{\"@id\":\"https:\/\/offbook.it\/imaginingthefuture\/en\/#\/schema\/logo\/image\/\"}}]}<\/script>\n<!-- \/ Yoast SEO plugin. -->","yoast_head_json":{"title":"Cookie Policy &#8226; Imagining the future","robots":{"index":"noindex","follow":"follow"},"og_locale":"en_US","og_type":"article","og_title":"Cookie Policy &#8226; Imagining the future","og_description":"[vc_row type=&#8221;in_container&#8221; full_screen_row_position=&#8221;middle&#8221; column_margin=&#8221;default&#8221; column_direction=&#8221;default&#8221; column_direction_tablet=&#8221;default&#8221; column_direction_phone=&#8221;default&#8221; scene_position=&#8221;center&#8221; text_color=&#8221;custom&#8221; custom_text_color=&#8221;#000000&#8243; text_align=&#8221;left&#8221; row_border_radius=&#8221;none&#8221; row_border_radius_applies=&#8221;bg&#8221; overflow=&#8221;visible&#8221; overlay_strength=&#8221;0.3&#8243; gradient_direction=&#8221;left_to_right&#8221; shape_divider_position=&#8221;bottom&#8221; bg_image_animation=&#8221;none&#8221; gradient_type=&#8221;default&#8221; shape_type=&#8221;&#8221;][vc_column column_padding=&#8221;no-extra-padding&#8221; column_padding_tablet=&#8221;inherit&#8221; column_padding_phone=&#8221;inherit&#8221; column_padding_position=&#8221;all&#8221; column_element_direction_desktop=&#8221;default&#8221; column_element_spacing=&#8221;default&#8221; desktop_text_alignment=&#8221;default&#8221; tablet_text_alignment=&#8221;default&#8221; phone_text_alignment=&#8221;default&#8221; background_color_opacity=&#8221;1&#8243;...","og_url":"https:\/\/offbook.it\/imaginingthefuture\/en\/cookie-policy\/","og_site_name":"Imagining the future","article_modified_time":"2023-06-07T07:41:50+00:00","og_image":[{"width":1400,"height":702,"url":"https:\/\/offbook.it\/imaginingthefuture\/wp-content\/uploads\/2023\/06\/imagining-the-future.jpg","type":"image\/jpeg"}],"twitter_card":"summary_large_image","twitter_misc":{"Est. reading time":"8 minutes"},"schema":{"@context":"https:\/\/schema.org","@graph":[{"@type":"WebPage","@id":"https:\/\/offbook.it\/imaginingthefuture\/en\/cookie-policy\/","url":"https:\/\/offbook.it\/imaginingthefuture\/en\/cookie-policy\/","name":"Cookie Policy &#8226; Imagining the future","isPartOf":{"@id":"https:\/\/offbook.it\/imaginingthefuture\/en\/#website"},"datePublished":"2023-06-07T07:39:26+00:00","dateModified":"2023-06-07T07:41:50+00:00","breadcrumb":{"@id":"https:\/\/offbook.it\/imaginingthefuture\/en\/cookie-policy\/#breadcrumb"},"inLanguage":"en-US","potentialAction":[{"@type":"ReadAction","target":["https:\/\/offbook.it\/imaginingthefuture\/en\/cookie-policy\/"]}]},{"@type":"BreadcrumbList","@id":"https:\/\/offbook.it\/imaginingthefuture\/en\/cookie-policy\/#breadcrumb","itemListElement":[{"@type":"ListItem","position":1,"name":"Home","item":"https:\/\/offbook.it\/imaginingthefuture\/en\/"},{"@type":"ListItem","position":2,"name":"Cookie Policy"}]},{"@type":"WebSite","@id":"https:\/\/offbook.it\/imaginingthefuture\/en\/#website","url":"https:\/\/offbook.it\/imaginingthefuture\/en\/","name":"Imagining the future","description":"Leonardo da Vinci: in the mind of an Italian genius","publisher":{"@id":"https:\/\/offbook.it\/imaginingthefuture\/en\/#organization"},"potentialAction":[{"@type":"SearchAction","target":{"@type":"EntryPoint","urlTemplate":"https:\/\/offbook.it\/imaginingthefuture\/en\/?s={search_term_string}"},"query-input":"required name=search_term_string"}],"inLanguage":"en-US"},{"@type":"Organization","@id":"https:\/\/offbook.it\/imaginingthefuture\/en\/#organization","name":"Imagining the future","url":"https:\/\/offbook.it\/imaginingthefuture\/en\/","logo":{"@type":"ImageObject","inLanguage":"en-US","@id":"https:\/\/offbook.it\/imaginingthefuture\/en\/#\/schema\/logo\/image\/","url":"https:\/\/offbook.it\/imaginingthefuture\/wp-content\/uploads\/2023\/06\/cropped-fav.jpg","contentUrl":"https:\/\/offbook.it\/imaginingthefuture\/wp-content\/uploads\/2023\/06\/cropped-fav.jpg","width":512,"height":512,"caption":"Imagining the future"},"image":{"@id":"https:\/\/offbook.it\/imaginingthefuture\/en\/#\/schema\/logo\/image\/"}}]}},"_links":{"self":[{"href":"https:\/\/offbook.it\/imaginingthefuture\/en\/wp-json\/wp\/v2\/pages\/694","targetHints":{"allow":["GET"]}}],"collection":[{"href":"https:\/\/offbook.it\/imaginingthefuture\/en\/wp-json\/wp\/v2\/pages"}],"about":[{"href":"https:\/\/offbook.it\/imaginingthefuture\/en\/wp-json\/wp\/v2\/types\/page"}],"author":[{"embeddable":true,"href":"https:\/\/offbook.it\/imaginingthefuture\/en\/wp-json\/wp\/v2\/users\/1"}],"replies":[{"embeddable":true,"href":"https:\/\/offbook.it\/imaginingthefuture\/en\/wp-json\/wp\/v2\/comments?post=694"}],"version-history":[{"count":1,"href":"https:\/\/offbook.it\/imaginingthefuture\/en\/wp-json\/wp\/v2\/pages\/694\/revisions"}],"predecessor-version":[{"id":701,"href":"https:\/\/offbook.it\/imaginingthefuture\/en\/wp-json\/wp\/v2\/pages\/694\/revisions\/701"}],"wp:attachment":[{"href":"https:\/\/offbook.it\/imaginingthefuture\/en\/wp-json\/wp\/v2\/media?parent=694"}],"curies":[{"name":"wp","href":"https:\/\/api.w.org\/{rel}","templated":true}]}}