{"id":689,"date":"2023-06-07T09:18:55","date_gmt":"2023-06-07T07:18:55","guid":{"rendered":"https:\/\/offbook.it\/imaginingthefuture\/privacy-policy\/"},"modified":"2023-06-07T12:41:37","modified_gmt":"2023-06-07T10:41:37","slug":"privacy-policy","status":"publish","type":"page","link":"https:\/\/offbook.it\/imaginingthefuture\/en\/privacy-policy\/","title":{"rendered":"Privacy Policy"},"content":{"rendered":"[vc_row type=&#8221;in_container&#8221; full_screen_row_position=&#8221;middle&#8221; column_margin=&#8221;default&#8221; column_direction=&#8221;default&#8221; column_direction_tablet=&#8221;default&#8221; column_direction_phone=&#8221;default&#8221; scene_position=&#8221;center&#8221; text_color=&#8221;custom&#8221; custom_text_color=&#8221;#000000&#8243; text_align=&#8221;left&#8221; row_border_radius=&#8221;none&#8221; row_border_radius_applies=&#8221;bg&#8221; overflow=&#8221;visible&#8221; overlay_strength=&#8221;0.3&#8243; gradient_direction=&#8221;left_to_right&#8221; shape_divider_position=&#8221;bottom&#8221; bg_image_animation=&#8221;none&#8221; gradient_type=&#8221;default&#8221; shape_type=&#8221;&#8221;][vc_column column_padding=&#8221;no-extra-padding&#8221; column_padding_tablet=&#8221;inherit&#8221; column_padding_phone=&#8221;inherit&#8221; column_padding_position=&#8221;all&#8221; column_element_direction_desktop=&#8221;default&#8221; column_element_spacing=&#8221;default&#8221; desktop_text_alignment=&#8221;default&#8221; tablet_text_alignment=&#8221;default&#8221; phone_text_alignment=&#8221;default&#8221; background_color_opacity=&#8221;1&#8243; background_hover_color_opacity=&#8221;1&#8243; column_backdrop_filter=&#8221;none&#8221; column_shadow=&#8221;none&#8221; column_border_radius=&#8221;none&#8221; column_link_target=&#8221;_self&#8221; column_position=&#8221;default&#8221; gradient_direction=&#8221;left_to_right&#8221; overlay_strength=&#8221;0.3&#8243; width=&#8221;1\/1&#8243; tablet_width_inherit=&#8221;default&#8221; animation_type=&#8221;default&#8221; bg_image_animation=&#8221;none&#8221; border_type=&#8221;simple&#8221; column_border_width=&#8221;none&#8221; column_border_style=&#8221;solid&#8221;][vc_column_text]\n<h2 style=\"text-align: left;\"><strong>PRIVACY POLICY<\/strong><\/h2>\n<h3 style=\"text-align: left;\"><strong>Informativa sul trattamento dei dati personali degli utenti che consultano il Sito<br \/>\n<\/strong><\/h3>\n<p style=\"text-align: left;\">In questa sezione vengono fornite le informazioni in merito al trattamento dei dati personali degli utenti che consultano le pagine del sito internet https:\/\/offbook.it\/imaginingthefuture\/ (di seguito: \u201cSito\u201d).<\/p>\n<p style=\"text-align: left;\">L&#8217;informativa \u00e8 resa esclusivamente per il Sito e non anche per gli altri siti web eventualmente consultati dall&#8217;utente tramite i link presenti all&#8217;interno del Sito.<\/p>\n<h3 style=\"text-align: left;\"><\/h3>\n<h3 style=\"text-align: left;\"><strong>Titolare del trattamento <\/strong><\/h3>\n<p style=\"text-align: left;\">Titolare del trattamento \u00e8 Confindustria, con sede legale in Viale dell\u2019Astronomia, 30 \u2013 00144 Roma, e-mail: <a href=\"mailto:privacy@confindustria.it\">privacy@confindustria.it<\/a>.<\/p>\n<h3 style=\"text-align: left;\"><\/h3>\n<h3 style=\"text-align: left;\"><strong>Tipologie di dati trattati e finalit\u00e0 del trattamento<\/strong><\/h3>\n<p style=\"text-align: left;\">La consultazione del Sito pu\u00f2 comportare il trattamento di dati idonei a identificare direttamente o indirettamente una persona fisica (es. indirizzo IP).<\/p>\n<p>&nbsp;<\/p>\n<p style=\"text-align: left;\"><u>Dati di navigazione<\/u><\/p>\n<p style=\"text-align: left;\">I dati di navigazione sono quelli acquisiti automaticamente dai sistemi e dai programmi preposti al funzionamento del Sito e sono necessari per la fruizione dei servizi <em>web<\/em> (es. indirizzi IP, nomi a dominio dei terminali utilizzati dagli utenti).<\/p>\n<p style=\"text-align: left;\">Tali dati possono essere utilizzati anche per elaborare statistiche anonime sulla consultazione del Sito e per controllarne il corretto funzionamento. In questi casi, i dati di navigazione non consentono di identificare gli utenti interessati e vengono cancellati subito dopo l&#8217;elaborazione in forma anonima.<\/p>\n<p style=\"text-align: left;\">I dati di navigazione possono essere, altres\u00ec, usati per l&#8217;accertamento di responsabilit\u00e0 in caso di reati ai danni del Sito ovvero realizzati attraverso il Sito.<\/p>\n<p>&nbsp;<\/p>\n<p style=\"text-align: left;\"><u>Dati forniti dall&#8217;utente<\/u><\/p>\n<p style=\"text-align: left;\">Le informazioni inviate dagli utenti in maniera facoltativa e volontaria agli indirizzi indicati sul Sito. Tali dati (es. indirizzo di posta elettronica, oggetto della e-mail) vengono trattati dal destinatario della comunicazione al fine di dare seguito alle richieste pervenute.<\/p>\n<p>&nbsp;<\/p>\n<p style=\"text-align: left;\"><em><u>Cookie<\/u><\/em><\/p>\n<p style=\"text-align: left;\">I <em>cookie<\/em> sono informazioni (piccoli <em>file<\/em> di testo) che i siti <em>web<\/em> trasmettono al dispositivo utilizzato dall&#8217;utente (PC, <em>smartphone<\/em>, <em>tablet<\/em>). Tali informazioni consentono di effettuare la navigazione, di eseguire autenticazioni informatiche, di raccogliere informazioni sul numero di visitatori e sulle modalit\u00e0 di fruizione del sito, nonch\u00e8 di monitorare e profilare gli utenti.<\/p>\n<p style=\"text-align: left;\">Per maggior informazioni sui <em>cookie<\/em> utilizzati dal Sito, v. la <a href=\"https:\/\/offbook.it\/imaginingthefuture\/en\/cookie-policy\/\">Cookie Policy<\/a>.<\/p>\n<h3 style=\"text-align: left;\"><\/h3>\n<h3 style=\"text-align: left;\"><strong>Natura del conferimento dei dati<\/strong><\/h3>\n<p style=\"text-align: left;\">Fatta eccezione per i dati di navigazione, che sono raccolti autonomamente dal sistema, il conferimento dei dati personali da parte dell\u2019utente \u00e8 facoltativo. Un eventuale rifiuto a conferirli impedisce la possibilit\u00e0 di dare seguito alle richieste presentate dall\u2019utente.<\/p>\n<h3 style=\"text-align: left;\"><\/h3>\n<h3 style=\"text-align: left;\"><strong>Modalit\u00e0 e durata del trattamento<\/strong><\/h3>\n<p style=\"text-align: left;\">I dati personali raccolti tramite il Sito sono trattati in conformit\u00e0 al Regolamento Ue n. 679\/2016, al D.Lgs n. 196\/2003 e al D.Lgs n. 101\/2018, nonch\u00e9 al Provvedimento del Garante privacy 10 giugno 2021, n. 231.<\/p>\n<p style=\"text-align: left;\">Il <em>server<\/em> in cui \u00e8 localizzato il Sito si trova in Germania a Norimberga.<\/p>\n<p style=\"text-align: left;\">Il trattamento \u00e8 effettuato per il tempo strettamente necessario a perseguire gli scopi per cui i dati personali sono raccolti.<\/p>\n<p style=\"text-align: left;\">I dati personali sono trattati dal personale del Titolare, che agisce sulla base di specifiche istruzioni fornite in ordine alle finalit\u00e0 e alle modalit\u00e0 del trattamento.<\/p>\n<p>I dati personali potranno essere comunicati a:\u00a0<em>i)<\/em>\u00a0strutture esterne, che svolgono per conto del Titolare compiti di supporto (es. servizi informatici), nella loro qualit\u00e0 di responsabili del trattamento;\u00a0<em>ii)<\/em>\u00a0soggetti pubblici per l\u2019adempimento degli obblighi previsti dalla legge, che svolgono le rispettive attivit\u00e0 di trattamento in qualit\u00e0 di autonomi titolari.<\/p>\n<p>&nbsp;<\/p>\n<h3><strong>Diritti degli interessati<\/strong><\/h3>\n<p>In qualsiasi momento, gli interessati hanno il diritto di accedere ai propri dati personali, di chiederne la rettifica, l\u2019aggiornamento e la relativa cancellazione. \u00c8, altres\u00ec, possibile richiedere la limitazione del trattamento e la portabilit\u00e0 del dato. Queste richieste potranno essere rivolte a Confindustria, Viale dell\u2019Astronomia, 30 &#8211; 00144, Roma; e-mail: <a href=\"mailto:privacy@confindustria.it\">privacy@confindustria.it<\/a>.<\/p>\n<p>Inoltre, nel caso in cui si ritenga che il trattamento sia stato svolto in violazione della normativa sulla protezione dei dati personali, \u00e8 riconosciuto il diritto di presentare reclamo all\u2019Autorit\u00e0 Garante per la protezione dei dati personali, Piazza Venezia, 11 &#8211; 00187\u00a0\u2013 Roma.[\/vc_column_text][\/vc_column][\/vc_row][vc_row type=&#8221;in_container&#8221; full_screen_row_position=&#8221;middle&#8221; column_margin=&#8221;default&#8221; column_direction=&#8221;default&#8221; column_direction_tablet=&#8221;default&#8221; column_direction_phone=&#8221;default&#8221; scene_position=&#8221;center&#8221; text_color=&#8221;dark&#8221; text_align=&#8221;left&#8221; row_border_radius=&#8221;none&#8221; row_border_radius_applies=&#8221;bg&#8221; overflow=&#8221;visible&#8221; overlay_strength=&#8221;0.3&#8243; gradient_direction=&#8221;left_to_right&#8221; shape_divider_position=&#8221;bottom&#8221; bg_image_animation=&#8221;none&#8221;][vc_column column_padding=&#8221;no-extra-padding&#8221; column_padding_tablet=&#8221;inherit&#8221; column_padding_phone=&#8221;inherit&#8221; column_padding_position=&#8221;all&#8221; column_element_direction_desktop=&#8221;default&#8221; column_element_spacing=&#8221;default&#8221; desktop_text_alignment=&#8221;default&#8221; tablet_text_alignment=&#8221;default&#8221; phone_text_alignment=&#8221;default&#8221; background_color_opacity=&#8221;1&#8243; background_hover_color_opacity=&#8221;1&#8243; column_backdrop_filter=&#8221;none&#8221; column_shadow=&#8221;none&#8221; column_border_radius=&#8221;none&#8221; column_link_target=&#8221;_self&#8221; column_position=&#8221;default&#8221; gradient_direction=&#8221;left_to_right&#8221; overlay_strength=&#8221;0.3&#8243; width=&#8221;1\/1&#8243; tablet_width_inherit=&#8221;default&#8221; animation_type=&#8221;default&#8221; bg_image_animation=&#8221;none&#8221; border_type=&#8221;simple&#8221; column_border_width=&#8221;none&#8221; column_border_style=&#8221;solid&#8221;][nectar_btn size=&#8221;small&#8221; button_style=&#8221;regular&#8221; button_color_2=&#8221;Extra-Color-3&#8243; solid_text_color_override=&#8221;#ffffff&#8221; icon_family=&#8221;fontawesome&#8221; button_id=&#8221;rounded&#8221; text=&#8221;Torna al sito&#8221; icon_fontawesome=&#8221;fa fa-reply&#8221; url=&#8221;https:\/\/offbook.it\/imaginingthefuture\/en\/&#8221;][\/vc_column][\/vc_row]\n","protected":false},"excerpt":{"rendered":"<p>[vc_row type=&#8221;in_container&#8221; full_screen_row_position=&#8221;middle&#8221; column_margin=&#8221;default&#8221; column_direction=&#8221;default&#8221; column_direction_tablet=&#8221;default&#8221; column_direction_phone=&#8221;default&#8221; scene_position=&#8221;center&#8221; text_color=&#8221;custom&#8221; custom_text_color=&#8221;#000000&#8243; text_align=&#8221;left&#8221; row_border_radius=&#8221;none&#8221; row_border_radius_applies=&#8221;bg&#8221; overflow=&#8221;visible&#8221; overlay_strength=&#8221;0.3&#8243; gradient_direction=&#8221;left_to_right&#8221; shape_divider_position=&#8221;bottom&#8221; bg_image_animation=&#8221;none&#8221; gradient_type=&#8221;default&#8221; shape_type=&#8221;&#8221;][vc_column column_padding=&#8221;no-extra-padding&#8221; column_padding_tablet=&#8221;inherit&#8221; column_padding_phone=&#8221;inherit&#8221; column_padding_position=&#8221;all&#8221; column_element_direction_desktop=&#8221;default&#8221; column_element_spacing=&#8221;default&#8221; desktop_text_alignment=&#8221;default&#8221; tablet_text_alignment=&#8221;default&#8221; phone_text_alignment=&#8221;default&#8221; background_color_opacity=&#8221;1&#8243;&#8230;<\/p>\n","protected":false},"author":1,"featured_media":0,"parent":0,"menu_order":4,"comment_status":"closed","ping_status":"closed","template":"template-no-footer.php","meta":{"footnotes":""},"class_list":["post-689","page","type-page","status-publish"],"acf":[],"yoast_head":"<!-- This site is optimized with the Yoast SEO plugin v21.2 - https:\/\/yoast.com\/wordpress\/plugins\/seo\/ -->\n<title>Privacy Policy &#8226; Imagining the future<\/title>\n<meta name=\"robots\" content=\"noindex, follow\" \/>\n<meta property=\"og:locale\" content=\"en_US\" \/>\n<meta property=\"og:type\" content=\"article\" \/>\n<meta property=\"og:title\" content=\"Privacy Policy &#8226; Imagining the future\" \/>\n<meta property=\"og:description\" content=\"[vc_row type=&#8221;in_container&#8221; full_screen_row_position=&#8221;middle&#8221; column_margin=&#8221;default&#8221; column_direction=&#8221;default&#8221; column_direction_tablet=&#8221;default&#8221; column_direction_phone=&#8221;default&#8221; scene_position=&#8221;center&#8221; text_color=&#8221;custom&#8221; custom_text_color=&#8221;#000000&#8243; text_align=&#8221;left&#8221; row_border_radius=&#8221;none&#8221; row_border_radius_applies=&#8221;bg&#8221; overflow=&#8221;visible&#8221; overlay_strength=&#8221;0.3&#8243; gradient_direction=&#8221;left_to_right&#8221; shape_divider_position=&#8221;bottom&#8221; bg_image_animation=&#8221;none&#8221; gradient_type=&#8221;default&#8221; shape_type=&#8221;&#8221;][vc_column column_padding=&#8221;no-extra-padding&#8221; column_padding_tablet=&#8221;inherit&#8221; column_padding_phone=&#8221;inherit&#8221; column_padding_position=&#8221;all&#8221; column_element_direction_desktop=&#8221;default&#8221; column_element_spacing=&#8221;default&#8221; desktop_text_alignment=&#8221;default&#8221; tablet_text_alignment=&#8221;default&#8221; phone_text_alignment=&#8221;default&#8221; background_color_opacity=&#8221;1&#8243;...\" \/>\n<meta property=\"og:url\" content=\"https:\/\/offbook.it\/imaginingthefuture\/en\/privacy-policy\/\" \/>\n<meta property=\"og:site_name\" content=\"Imagining the future\" \/>\n<meta property=\"article:modified_time\" content=\"2023-06-07T10:41:37+00:00\" \/>\n<meta property=\"og:image\" content=\"https:\/\/offbook.it\/imaginingthefuture\/wp-content\/uploads\/2023\/06\/imagining-the-future.jpg\" \/>\n\t<meta property=\"og:image:width\" content=\"1400\" \/>\n\t<meta property=\"og:image:height\" content=\"702\" \/>\n\t<meta property=\"og:image:type\" content=\"image\/jpeg\" \/>\n<meta name=\"twitter:card\" content=\"summary_large_image\" \/>\n<meta name=\"twitter:label1\" content=\"Est. reading time\" \/>\n\t<meta name=\"twitter:data1\" content=\"4 minutes\" \/>\n<script type=\"application\/ld+json\" class=\"yoast-schema-graph\">{\"@context\":\"https:\/\/schema.org\",\"@graph\":[{\"@type\":\"WebPage\",\"@id\":\"https:\/\/offbook.it\/imaginingthefuture\/en\/privacy-policy\/\",\"url\":\"https:\/\/offbook.it\/imaginingthefuture\/en\/privacy-policy\/\",\"name\":\"Privacy Policy &#8226; Imagining the future\",\"isPartOf\":{\"@id\":\"https:\/\/offbook.it\/imaginingthefuture\/en\/#website\"},\"datePublished\":\"2023-06-07T07:18:55+00:00\",\"dateModified\":\"2023-06-07T10:41:37+00:00\",\"breadcrumb\":{\"@id\":\"https:\/\/offbook.it\/imaginingthefuture\/en\/privacy-policy\/#breadcrumb\"},\"inLanguage\":\"en-US\",\"potentialAction\":[{\"@type\":\"ReadAction\",\"target\":[\"https:\/\/offbook.it\/imaginingthefuture\/en\/privacy-policy\/\"]}]},{\"@type\":\"BreadcrumbList\",\"@id\":\"https:\/\/offbook.it\/imaginingthefuture\/en\/privacy-policy\/#breadcrumb\",\"itemListElement\":[{\"@type\":\"ListItem\",\"position\":1,\"name\":\"Home\",\"item\":\"https:\/\/offbook.it\/imaginingthefuture\/en\/\"},{\"@type\":\"ListItem\",\"position\":2,\"name\":\"Privacy Policy\"}]},{\"@type\":\"WebSite\",\"@id\":\"https:\/\/offbook.it\/imaginingthefuture\/en\/#website\",\"url\":\"https:\/\/offbook.it\/imaginingthefuture\/en\/\",\"name\":\"Imagining the future\",\"description\":\"Leonardo da Vinci: in the mind of an Italian genius\",\"publisher\":{\"@id\":\"https:\/\/offbook.it\/imaginingthefuture\/en\/#organization\"},\"potentialAction\":[{\"@type\":\"SearchAction\",\"target\":{\"@type\":\"EntryPoint\",\"urlTemplate\":\"https:\/\/offbook.it\/imaginingthefuture\/en\/?s={search_term_string}\"},\"query-input\":\"required name=search_term_string\"}],\"inLanguage\":\"en-US\"},{\"@type\":\"Organization\",\"@id\":\"https:\/\/offbook.it\/imaginingthefuture\/en\/#organization\",\"name\":\"Imagining the future\",\"url\":\"https:\/\/offbook.it\/imaginingthefuture\/en\/\",\"logo\":{\"@type\":\"ImageObject\",\"inLanguage\":\"en-US\",\"@id\":\"https:\/\/offbook.it\/imaginingthefuture\/en\/#\/schema\/logo\/image\/\",\"url\":\"https:\/\/offbook.it\/imaginingthefuture\/wp-content\/uploads\/2023\/06\/cropped-fav.jpg\",\"contentUrl\":\"https:\/\/offbook.it\/imaginingthefuture\/wp-content\/uploads\/2023\/06\/cropped-fav.jpg\",\"width\":512,\"height\":512,\"caption\":\"Imagining the future\"},\"image\":{\"@id\":\"https:\/\/offbook.it\/imaginingthefuture\/en\/#\/schema\/logo\/image\/\"}}]}<\/script>\n<!-- \/ Yoast SEO plugin. -->","yoast_head_json":{"title":"Privacy Policy &#8226; Imagining the future","robots":{"index":"noindex","follow":"follow"},"og_locale":"en_US","og_type":"article","og_title":"Privacy Policy &#8226; Imagining the future","og_description":"[vc_row type=&#8221;in_container&#8221; full_screen_row_position=&#8221;middle&#8221; column_margin=&#8221;default&#8221; column_direction=&#8221;default&#8221; column_direction_tablet=&#8221;default&#8221; column_direction_phone=&#8221;default&#8221; scene_position=&#8221;center&#8221; text_color=&#8221;custom&#8221; custom_text_color=&#8221;#000000&#8243; text_align=&#8221;left&#8221; row_border_radius=&#8221;none&#8221; row_border_radius_applies=&#8221;bg&#8221; overflow=&#8221;visible&#8221; overlay_strength=&#8221;0.3&#8243; gradient_direction=&#8221;left_to_right&#8221; shape_divider_position=&#8221;bottom&#8221; bg_image_animation=&#8221;none&#8221; gradient_type=&#8221;default&#8221; shape_type=&#8221;&#8221;][vc_column column_padding=&#8221;no-extra-padding&#8221; column_padding_tablet=&#8221;inherit&#8221; column_padding_phone=&#8221;inherit&#8221; column_padding_position=&#8221;all&#8221; column_element_direction_desktop=&#8221;default&#8221; column_element_spacing=&#8221;default&#8221; desktop_text_alignment=&#8221;default&#8221; tablet_text_alignment=&#8221;default&#8221; phone_text_alignment=&#8221;default&#8221; background_color_opacity=&#8221;1&#8243;...","og_url":"https:\/\/offbook.it\/imaginingthefuture\/en\/privacy-policy\/","og_site_name":"Imagining the future","article_modified_time":"2023-06-07T10:41:37+00:00","og_image":[{"width":1400,"height":702,"url":"https:\/\/offbook.it\/imaginingthefuture\/wp-content\/uploads\/2023\/06\/imagining-the-future.jpg","type":"image\/jpeg"}],"twitter_card":"summary_large_image","twitter_misc":{"Est. reading time":"4 minutes"},"schema":{"@context":"https:\/\/schema.org","@graph":[{"@type":"WebPage","@id":"https:\/\/offbook.it\/imaginingthefuture\/en\/privacy-policy\/","url":"https:\/\/offbook.it\/imaginingthefuture\/en\/privacy-policy\/","name":"Privacy Policy &#8226; Imagining the future","isPartOf":{"@id":"https:\/\/offbook.it\/imaginingthefuture\/en\/#website"},"datePublished":"2023-06-07T07:18:55+00:00","dateModified":"2023-06-07T10:41:37+00:00","breadcrumb":{"@id":"https:\/\/offbook.it\/imaginingthefuture\/en\/privacy-policy\/#breadcrumb"},"inLanguage":"en-US","potentialAction":[{"@type":"ReadAction","target":["https:\/\/offbook.it\/imaginingthefuture\/en\/privacy-policy\/"]}]},{"@type":"BreadcrumbList","@id":"https:\/\/offbook.it\/imaginingthefuture\/en\/privacy-policy\/#breadcrumb","itemListElement":[{"@type":"ListItem","position":1,"name":"Home","item":"https:\/\/offbook.it\/imaginingthefuture\/en\/"},{"@type":"ListItem","position":2,"name":"Privacy Policy"}]},{"@type":"WebSite","@id":"https:\/\/offbook.it\/imaginingthefuture\/en\/#website","url":"https:\/\/offbook.it\/imaginingthefuture\/en\/","name":"Imagining the future","description":"Leonardo da Vinci: in the mind of an Italian genius","publisher":{"@id":"https:\/\/offbook.it\/imaginingthefuture\/en\/#organization"},"potentialAction":[{"@type":"SearchAction","target":{"@type":"EntryPoint","urlTemplate":"https:\/\/offbook.it\/imaginingthefuture\/en\/?s={search_term_string}"},"query-input":"required name=search_term_string"}],"inLanguage":"en-US"},{"@type":"Organization","@id":"https:\/\/offbook.it\/imaginingthefuture\/en\/#organization","name":"Imagining the future","url":"https:\/\/offbook.it\/imaginingthefuture\/en\/","logo":{"@type":"ImageObject","inLanguage":"en-US","@id":"https:\/\/offbook.it\/imaginingthefuture\/en\/#\/schema\/logo\/image\/","url":"https:\/\/offbook.it\/imaginingthefuture\/wp-content\/uploads\/2023\/06\/cropped-fav.jpg","contentUrl":"https:\/\/offbook.it\/imaginingthefuture\/wp-content\/uploads\/2023\/06\/cropped-fav.jpg","width":512,"height":512,"caption":"Imagining the future"},"image":{"@id":"https:\/\/offbook.it\/imaginingthefuture\/en\/#\/schema\/logo\/image\/"}}]}},"_links":{"self":[{"href":"https:\/\/offbook.it\/imaginingthefuture\/en\/wp-json\/wp\/v2\/pages\/689","targetHints":{"allow":["GET"]}}],"collection":[{"href":"https:\/\/offbook.it\/imaginingthefuture\/en\/wp-json\/wp\/v2\/pages"}],"about":[{"href":"https:\/\/offbook.it\/imaginingthefuture\/en\/wp-json\/wp\/v2\/types\/page"}],"author":[{"embeddable":true,"href":"https:\/\/offbook.it\/imaginingthefuture\/en\/wp-json\/wp\/v2\/users\/1"}],"replies":[{"embeddable":true,"href":"https:\/\/offbook.it\/imaginingthefuture\/en\/wp-json\/wp\/v2\/comments?post=689"}],"version-history":[{"count":3,"href":"https:\/\/offbook.it\/imaginingthefuture\/en\/wp-json\/wp\/v2\/pages\/689\/revisions"}],"predecessor-version":[{"id":720,"href":"https:\/\/offbook.it\/imaginingthefuture\/en\/wp-json\/wp\/v2\/pages\/689\/revisions\/720"}],"wp:attachment":[{"href":"https:\/\/offbook.it\/imaginingthefuture\/en\/wp-json\/wp\/v2\/media?parent=689"}],"curies":[{"name":"wp","href":"https:\/\/api.w.org\/{rel}","templated":true}]}}