{"id":3498,"date":"2015-09-10T13:27:23","date_gmt":"2015-09-10T16:27:23","guid":{"rendered":"https:\/\/offbook.it\/ascoloridas\/casas-coloridas\/"},"modified":"2021-01-07T17:06:44","modified_gmt":"2021-01-07T16:06:44","slug":"as-acomodacoes","status":"publish","type":"page","link":"https:\/\/offbook.it\/ascoloridas\/as-acomodacoes\/","title":{"rendered":"As Acomoda\u00e7\u00f5es"},"content":{"rendered":"[vc_row type=&#8221;full_width_background&#8221; full_screen_row_position=&#8221;middle&#8221; bg_image=&#8221;1855&#8243; bg_position=&#8221;left top&#8221; bg_repeat=&#8221;repeat&#8221; bg_color=&#8221;#ddd7ca&#8221; scene_position=&#8221;center&#8221; text_color=&#8221;light&#8221; text_align=&#8221;center&#8221; top_padding=&#8221;100&#8243; bottom_padding=&#8221;50&#8243; overlay_strength=&#8221;0.3&#8243; shape_divider_position=&#8221;bottom&#8221; bg_image_animation=&#8221;none&#8221; shape_type=&#8221;&#8221;][vc_column column_padding=&#8221;no-extra-padding&#8221; column_padding_position=&#8221;all&#8221; background_color_opacity=&#8221;1&#8243; background_hover_color_opacity=&#8221;1&#8243; column_link_target=&#8221;_self&#8221; column_shadow=&#8221;none&#8221; column_border_radius=&#8221;none&#8221; width=&#8221;1\/1&#8243; tablet_width_inherit=&#8221;default&#8221; tablet_text_alignment=&#8221;default&#8221; phone_text_alignment=&#8221;default&#8221; column_border_width=&#8221;none&#8221; column_border_style=&#8221;solid&#8221; bg_image_animation=&#8221;none&#8221;][divider line_type=&#8221;No Line&#8221; custom_height=&#8221;100&#8243;][\/vc_column][\/vc_row][vc_row type=&#8221;full_width_background&#8221; full_screen_row_position=&#8221;middle&#8221; scene_position=&#8221;center&#8221; text_color=&#8221;dark&#8221; text_align=&#8221;center&#8221; top_padding=&#8221;50&#8243; bottom_padding=&#8221;50&#8243; overlay_strength=&#8221;0.3&#8243; shape_divider_position=&#8221;bottom&#8221; bg_image_animation=&#8221;none&#8221; shape_type=&#8221;&#8221;][vc_column column_padding=&#8221;no-extra-padding&#8221; column_padding_position=&#8221;all&#8221; background_color_opacity=&#8221;1&#8243; background_hover_color_opacity=&#8221;1&#8243; column_link_target=&#8221;_self&#8221; column_shadow=&#8221;none&#8221; column_border_radius=&#8221;none&#8221; width=&#8221;1\/1&#8243; tablet_width_inherit=&#8221;default&#8221; tablet_text_alignment=&#8221;default&#8221; phone_text_alignment=&#8221;default&#8221; column_border_width=&#8221;none&#8221; column_border_style=&#8221;solid&#8221; bg_image_animation=&#8221;none&#8221;][vc_column_text]\n<h1 style=\"font-size: 40px !important; text-align: center; margin-bottom: 20px !important;\"><span style=\"color: #d7b092;\">AS ACOMODA\u00c7\u00d5ES<br \/>\n<\/span><\/h1>\n<h3 style=\"text-align: center; font-weight: 300 !important;\"><span class=\"numero\">1.<\/span> . Escolha entre Apartamentos e Casas Coloridas a que voc\u00ea prefere<br \/>\n<span class=\"numero\">2.<\/span> Clique e reserve suas f\u00e9rias agora<\/h3>\n[\/vc_column_text][\/vc_column][\/vc_row][vc_row type=&#8221;full_width_content&#8221; full_screen_row_position=&#8221;middle&#8221; scene_position=&#8221;center&#8221; text_color=&#8221;dark&#8221; text_align=&#8221;left&#8221; overlay_strength=&#8221;0.3&#8243; shape_divider_position=&#8221;bottom&#8221; bg_image_animation=&#8221;none&#8221; shape_type=&#8221;&#8221;][vc_column column_padding=&#8221;no-extra-padding&#8221; column_padding_position=&#8221;all&#8221; background_color_opacity=&#8221;1&#8243; background_hover_color_opacity=&#8221;1&#8243; column_link_target=&#8221;_self&#8221; column_shadow=&#8221;none&#8221; column_border_radius=&#8221;none&#8221; width=&#8221;1\/1&#8243; tablet_width_inherit=&#8221;default&#8221; tablet_text_alignment=&#8221;default&#8221; phone_text_alignment=&#8221;default&#8221; column_border_width=&#8221;none&#8221; column_border_style=&#8221;solid&#8221; bg_image_animation=&#8221;none&#8221;][vc_raw_html]JTVCYXNhY29tb2RhY29lcyU1RA==[\/vc_raw_html][\/vc_column][\/vc_row][vc_row type=&#8221;in_container&#8221; full_screen_row_position=&#8221;middle&#8221; scene_position=&#8221;center&#8221; text_color=&#8221;dark&#8221; text_align=&#8221;left&#8221; translate_y=&#8221;130&#8243; zindex=&#8221;1000&#8243; class=&#8221;banner-escursioni&#8221; overlay_strength=&#8221;0.3&#8243; shape_divider_position=&#8221;bottom&#8221; bg_image_animation=&#8221;none&#8221; shape_type=&#8221;&#8221;][vc_column column_padding=&#8221;no-extra-padding&#8221; column_padding_position=&#8221;all&#8221; background_color_opacity=&#8221;1&#8243; background_hover_color_opacity=&#8221;1&#8243; column_link_target=&#8221;_self&#8221; column_shadow=&#8221;none&#8221; column_border_radius=&#8221;none&#8221; el_class=&#8221;banner-casas&#8221; width=&#8221;1\/1&#8243; tablet_width_inherit=&#8221;default&#8221; tablet_text_alignment=&#8221;default&#8221; phone_text_alignment=&#8221;default&#8221; column_border_width=&#8221;none&#8221; column_border_style=&#8221;solid&#8221; bg_image_animation=&#8221;none&#8221;][image_with_animation image_url=&#8221;3502&#8243; alignment=&#8221;&#8221; animation=&#8221;Fade In&#8221; border_radius=&#8221;none&#8221; box_shadow=&#8221;none&#8221; max_width=&#8221;100%&#8221;][\/vc_column][\/vc_row][vc_row type=&#8221;full_width_background&#8221; full_screen_row_position=&#8221;middle&#8221; bg_image=&#8221;2060&#8243; bg_position=&#8221;left top&#8221; bg_repeat=&#8221;repeat&#8221; bg_color=&#8221;#f4f4f4&#8243; scene_position=&#8221;center&#8221; text_color=&#8221;dark&#8221; text_align=&#8221;left&#8221; top_padding=&#8221;160&#8243; class=&#8221;sezione-escursioni&#8221; overlay_strength=&#8221;0.3&#8243; shape_divider_position=&#8221;bottom&#8221; bg_image_animation=&#8221;none&#8221; shape_type=&#8221;&#8221;][vc_column column_padding=&#8221;no-extra-padding&#8221; column_padding_position=&#8221;all&#8221; background_color_opacity=&#8221;1&#8243; background_hover_color_opacity=&#8221;1&#8243; column_link_target=&#8221;_self&#8221; column_shadow=&#8221;none&#8221; column_border_radius=&#8221;none&#8221; width=&#8221;1\/1&#8243; tablet_width_inherit=&#8221;default&#8221; tablet_text_alignment=&#8221;default&#8221; phone_text_alignment=&#8221;default&#8221; column_border_width=&#8221;none&#8221; column_border_style=&#8221;solid&#8221; bg_image_animation=&#8221;none&#8221;][vc_column_text]\n<h3 style=\"text-align: center; color: #d7b092;\">Como funciona?<\/h3>\n[\/vc_column_text][nectar_icon_list animate=&#8221;true&#8221; color=&#8221;Extra-Color-1&#8243; direction=&#8221;horizontal&#8221; columns=&#8221;default&#8221; icon_size=&#8221;small&#8221; icon_style=&#8221;no-border&#8221;][nectar_icon_list_item icon_type=&#8221;numerical&#8221; title=&#8221;List Item&#8221; id=&#8221;1585641467441-8&#8243; tab_id=&#8221;1585641467442-5&#8243; text=&#8221;Descubra quais excurs\u00f5es s\u00e3o mais emocionantes para voc\u00ea&#8221;] [\/nectar_icon_list_item][nectar_icon_list_item icon_type=&#8221;numerical&#8221; title=&#8221;List Item&#8221; id=&#8221;1585641467492-5&#8243; tab_id=&#8221;1585641467493-2&#8243; text=&#8221;Reserve a su\u00edte dos seus sonhos em nosso Coloridas Beach Residence&#8221;] [\/nectar_icon_list_item][nectar_icon_list_item icon_type=&#8221;numerical&#8221; title=&#8221;List Item&#8221; id=&#8221;1585641467519-1&#8243; tab_id=&#8221;1585641467519-8&#8243; text=&#8221;Imediatamente ap\u00f3s incluir as excurs\u00f5es de sua prefer\u00eancia na reserva&#8221;][\/nectar_icon_list_item][\/nectar_icon_list][vc_row_inner column_margin=&#8221;default&#8221; text_align=&#8221;center&#8221;][vc_column_inner column_padding=&#8221;no-extra-padding&#8221; column_padding_position=&#8221;all&#8221; background_color_opacity=&#8221;1&#8243; background_hover_color_opacity=&#8221;1&#8243; column_shadow=&#8221;none&#8221; column_border_radius=&#8221;none&#8221; column_link_target=&#8221;_self&#8221; width=&#8221;1\/2&#8243; tablet_width_inherit=&#8221;default&#8221; column_border_width=&#8221;none&#8221; column_border_style=&#8221;solid&#8221; bg_image_animation=&#8221;none&#8221;][nectar_btn size=&#8221;medium&#8221; open_new_tab=&#8221;true&#8221; button_style=&#8221;regular&#8221; button_color_2=&#8221;Extra-Color-1&#8243; color_override=&#8221;#d7b092&#8243; solid_text_color_override=&#8221;#ffffff&#8221; icon_family=&#8221;none&#8221; el_class=&#8221;organizza-btn&#8221; text=&#8221;EXPLORE AS EXCURS\u00d5ES OFERECIDAS PELA NOSSA EQUIPE&#8221; margin_bottom=&#8221;50&#8243; url=&#8221;https:\/\/offbook.it\/ascoloridas\/excursoes\/&#8221;][\/vc_column_inner][vc_column_inner column_padding=&#8221;no-extra-padding&#8221; column_padding_position=&#8221;all&#8221; background_color_opacity=&#8221;1&#8243; background_hover_color_opacity=&#8221;1&#8243; column_shadow=&#8221;none&#8221; column_border_radius=&#8221;none&#8221; column_link_target=&#8221;_self&#8221; width=&#8221;1\/2&#8243; tablet_width_inherit=&#8221;default&#8221; column_border_width=&#8221;none&#8221; column_border_style=&#8221;solid&#8221; bg_image_animation=&#8221;none&#8221;][nectar_btn size=&#8221;medium&#8221; open_new_tab=&#8221;true&#8221; button_style=&#8221;regular&#8221; button_color_2=&#8221;Extra-Color-1&#8243; color_override=&#8221;#d7b092&#8243; solid_text_color_override=&#8221;#ffffff&#8221; icon_family=&#8221;none&#8221; text=&#8221;RESERVE E ORGANIZE SUA ESTADIA&#8221; margin_bottom=&#8221;50&#8243; url=&#8221;https:\/\/offbook.it\/ascoloridas\/contatos\/&#8221;][\/vc_column_inner][\/vc_row_inner][\/vc_column][\/vc_row]\n","protected":false},"excerpt":{"rendered":"<p>[vc_row type=&#8221;full_width_background&#8221; full_screen_row_position=&#8221;middle&#8221; bg_image=&#8221;1855&#8243; bg_position=&#8221;left top&#8221; bg_repeat=&#8221;repeat&#8221; bg_color=&#8221;#ddd7ca&#8221; scene_position=&#8221;center&#8221; text_color=&#8221;light&#8221; text_align=&#8221;center&#8221; top_padding=&#8221;100&#8243; bottom_padding=&#8221;50&#8243; overlay_strength=&#8221;0.3&#8243; shape_divider_position=&#8221;bottom&#8221; bg_image_animation=&#8221;none&#8221; shape_type=&#8221;&#8221;][vc_column column_padding=&#8221;no-extra-padding&#8221; column_padding_position=&#8221;all&#8221; background_color_opacity=&#8221;1&#8243; background_hover_color_opacity=&#8221;1&#8243; column_link_target=&#8221;_self&#8221; column_shadow=&#8221;none&#8221; column_border_radius=&#8221;none&#8221; width=&#8221;1\/1&#8243; tablet_width_inherit=&#8221;default&#8221; tablet_text_alignment=&#8221;default&#8221; phone_text_alignment=&#8221;default&#8221; column_border_width=&#8221;none&#8221; column_border_style=&#8221;solid&#8221;&#8230;<\/p>\n","protected":false},"author":4,"featured_media":0,"parent":0,"menu_order":0,"comment_status":"closed","ping_status":"closed","template":"","meta":[],"yoast_head":"<!-- This site is optimized with the Yoast SEO plugin v15.5 - https:\/\/yoast.com\/wordpress\/plugins\/seo\/ -->\n<title>As Acomoda\u00e7\u00f5es &bull; As Coloridas Beach Residence<\/title>\n<meta name=\"description\" content=\"Le Casas Coloridas sono di fatto quattro piccole case che costituiscono dei veri e propri singoli Attici. Disponibili per 4 persone.\u00a0\" \/>\n<meta name=\"robots\" content=\"noindex, follow, max-snippet:-1, max-image-preview:large, max-video-preview:-1\" \/>\n<meta property=\"og:locale\" content=\"pt_BR\" \/>\n<meta property=\"og:type\" content=\"article\" \/>\n<meta property=\"og:title\" content=\"As Acomoda\u00e7\u00f5es &bull; As Coloridas Beach Residence\" \/>\n<meta property=\"og:description\" content=\"Le Casas Coloridas sono di fatto quattro piccole case che costituiscono dei veri e propri singoli Attici. Disponibili per 4 persone.\u00a0\" \/>\n<meta property=\"og:url\" content=\"https:\/\/offbook.it\/ascoloridas\/as-acomodacoes\/\" \/>\n<meta property=\"og:site_name\" content=\"As Coloridas Beach Residence\" \/>\n<meta property=\"article:modified_time\" content=\"2021-01-07T16:06:44+00:00\" \/>\n<meta name=\"twitter:card\" content=\"summary\" \/>\n<meta name=\"twitter:label1\" content=\"Est. reading time\">\n\t<meta name=\"twitter:data1\" content=\"3 minutos\">\n<script type=\"application\/ld+json\" class=\"yoast-schema-graph\">{\"@context\":\"https:\/\/schema.org\",\"@graph\":[{\"@type\":\"Organization\",\"@id\":\"https:\/\/offbook.it\/ascoloridas\/#organization\",\"name\":\"As Coloridas\",\"url\":\"https:\/\/offbook.it\/ascoloridas\/\",\"sameAs\":[],\"logo\":{\"@type\":\"ImageObject\",\"@id\":\"https:\/\/offbook.it\/ascoloridas\/#logo\",\"inLanguage\":\"pt-BR\",\"url\":\"https:\/\/offbook.it\/ascoloridas\/wp-content\/uploads\/2015\/09\/logo-as-coloridas-web-final.png\",\"width\":677,\"height\":284,\"caption\":\"As Coloridas\"},\"image\":{\"@id\":\"https:\/\/offbook.it\/ascoloridas\/#logo\"}},{\"@type\":\"WebSite\",\"@id\":\"https:\/\/offbook.it\/ascoloridas\/#website\",\"url\":\"https:\/\/offbook.it\/ascoloridas\/\",\"name\":\"As Coloridas Beach Residence\",\"description\":\"As Coloridas Beach Residence - Praia dos Carneiros\",\"publisher\":{\"@id\":\"https:\/\/offbook.it\/ascoloridas\/#organization\"},\"potentialAction\":[{\"@type\":\"SearchAction\",\"target\":\"https:\/\/offbook.it\/ascoloridas\/?s={search_term_string}\",\"query-input\":\"required name=search_term_string\"}],\"inLanguage\":\"pt-BR\"},{\"@type\":\"WebPage\",\"@id\":\"https:\/\/offbook.it\/ascoloridas\/as-acomodacoes\/#webpage\",\"url\":\"https:\/\/offbook.it\/ascoloridas\/as-acomodacoes\/\",\"name\":\"As Acomoda\\u00e7\\u00f5es &bull; As Coloridas Beach Residence\",\"isPartOf\":{\"@id\":\"https:\/\/offbook.it\/ascoloridas\/#website\"},\"datePublished\":\"2015-09-10T16:27:23+00:00\",\"dateModified\":\"2021-01-07T16:06:44+00:00\",\"description\":\"Le Casas Coloridas sono di fatto quattro piccole case che costituiscono dei veri e propri singoli Attici. Disponibili per 4 persone.\\u00a0\",\"inLanguage\":\"pt-BR\",\"potentialAction\":[{\"@type\":\"ReadAction\",\"target\":[\"https:\/\/offbook.it\/ascoloridas\/as-acomodacoes\/\"]}]}]}<\/script>\n<!-- \/ Yoast SEO plugin. -->","_links":{"self":[{"href":"https:\/\/offbook.it\/ascoloridas\/wp-json\/wp\/v2\/pages\/3498"}],"collection":[{"href":"https:\/\/offbook.it\/ascoloridas\/wp-json\/wp\/v2\/pages"}],"about":[{"href":"https:\/\/offbook.it\/ascoloridas\/wp-json\/wp\/v2\/types\/page"}],"author":[{"embeddable":true,"href":"https:\/\/offbook.it\/ascoloridas\/wp-json\/wp\/v2\/users\/4"}],"replies":[{"embeddable":true,"href":"https:\/\/offbook.it\/ascoloridas\/wp-json\/wp\/v2\/comments?post=3498"}],"version-history":[{"count":1,"href":"https:\/\/offbook.it\/ascoloridas\/wp-json\/wp\/v2\/pages\/3498\/revisions"}],"predecessor-version":[{"id":5477,"href":"https:\/\/offbook.it\/ascoloridas\/wp-json\/wp\/v2\/pages\/3498\/revisions\/5477"}],"wp:attachment":[{"href":"https:\/\/offbook.it\/ascoloridas\/wp-json\/wp\/v2\/media?parent=3498"}],"curies":[{"name":"wp","href":"https:\/\/api.w.org\/{rel}","templated":true}]}}